{"id":10,"date":"2023-06-24T13:06:51","date_gmt":"2023-06-24T10:06:51","guid":{"rendered":"https:\/\/abdulcelilalpkiray.com\/?page_id=10"},"modified":"2026-03-29T22:38:20","modified_gmt":"2026-03-29T19:38:20","slug":"oz-gecmis","status":"publish","type":"page","link":"https:\/\/abdulcelilalpkiray.com\/?page_id=10","title":{"rendered":"\u00d6Z GE\u00c7M\u0130\u015e"},"content":{"rendered":"\n<p>Erciyes \u00dcniversitesi \u0130lahiyat Fak\u00fcltesinden mezun oldu. Sel\u00e7uk E\u011fitim Merkezinde dini y\u00fcksek ihtisas e\u011fitimini tamamlad\u0131. Y\u00fcksek Lisans\u0131n\u0131 Erciyes \u00dcniversitesi\u2019nde Hadis alan\u0131nda \u201c<em>Sahabenin Yerle\u015fim ve Vefat Yerleri<\/em>\u201d teziyle tamamlad\u0131. Erciyes \u00dcniversitesi\u2019nde \u201c<em>\u0130htil\u00e2fu\u2019l-Hadis Ba\u011flam\u0131nda Metin Eksenli Hadis Tenkidi<\/em>\u201d adl\u0131 teziyle doktoras\u0131n\u0131 tamamlad\u0131. \u0130mam-hatib, murak\u0131b, vaiz, il\u00e7e m\u00fcft\u00fcs\u00fc, daire ba\u015fkan\u0131 ve din hizmetleri ata\u015fesi gibi farkl\u0131 g\u00f6revlerde \u00e7al\u0131\u015ft\u0131.<\/p>\n\n\n\n<p>Ba\u015fbakanl\u0131k bursuyla \u00dcrd\u00fcn \u00dcniversitesinde ara\u015ft\u0131rmalarda bulundu. \u00dcrd\u00fcn\u2019de merhum \u015eeyh \u015euayb Arnavut hocadan hadis dersleri ald\u0131. Afganistan\u2019da \u015eeyhu\u2019l-hadis Mevlevi Muhammed Said Ha\u015fim\u00ee\u2019den hadis icazetnamesi ald\u0131.  Diyanet \u0130\u015fleri Ba\u015fkanl\u0131\u011f\u0131nda \u00e7al\u0131\u015fmalar\u0131na devam etmektedir.<\/p>\n\n\n\n<p>\u0130ngilizce, Arap\u00e7a ve Fars\u00e7a bilmektedir. <\/p>\n\n\n\n<p class=\"has-background\" style=\"background:linear-gradient(135deg,rgb(181,218,201) 0%,rgb(0,208,130) 100%)\"><strong>YAYINLAR<\/strong><\/p>\n\n\n\n<figure class=\"wp-block-image size-large is-resized\"><img loading=\"lazy\" decoding=\"async\" width=\"690\" height=\"1024\" src=\"https:\/\/abdulcelilalpkiray.com\/wp-content\/uploads\/2025\/06\/metin-tenkidi-690x1024.jpg\" alt=\"\" class=\"wp-image-39\" style=\"width:275px;height:auto\" srcset=\"https:\/\/abdulcelilalpkiray.com\/wp-content\/uploads\/2025\/06\/metin-tenkidi-690x1024.jpg 690w, https:\/\/abdulcelilalpkiray.com\/wp-content\/uploads\/2025\/06\/metin-tenkidi-202x300.jpg 202w, https:\/\/abdulcelilalpkiray.com\/wp-content\/uploads\/2025\/06\/metin-tenkidi.jpg 702w\" sizes=\"auto, (max-width: 690px) 100vw, 690px\" \/><\/figure>\n\n\n\n<p class=\"has-pale-ocean-gradient-background has-background\"><strong>Terc\u00fcme:<\/strong><\/p>\n\n\n\n<p>L\u00fcbabu\u2019n-N\u00fckul fi Esb\u00e2bi\u2019n-N\u00fcz\u00fbl, \u0130m\u00e2m Celaleddin es-Suy\u00fbt\u00ee. Terc\u00fcme, Tahric ve Tahkik.<\/p>\n\n\n\n<p>\u0130SNAD At\u0131f Sistemi\u2019nin Fars\u00e7a Terc\u00fcmesi (Terc\u00fcme heyet ba\u015fkanl\u0131\u011f\u0131)<\/p>\n\n\n\n<p class=\"has-black-color has-pale-ocean-gradient-background has-text-color has-background\"><strong>Sempozyum Tebli\u011fleri:<\/strong><\/p>\n\n\n\n<p>\u00dcrd\u00fcn\u2019deki Evkaf Bakanl\u0131\u011f\u0131 Yay\u0131nlar\u0131 \u00dczerine Bir \u0130nceleme,<em>&nbsp;Uluslararas\u0131 T\u00fcrk-Arap M\u00fc\u015fterek De\u011ferler ve K\u00fclt\u00fcrel Etkile\u015fim Sempozyumu,<\/em>&nbsp;(Amman, 12-15 May\u0131s 2013)<\/p>\n\n\n\n<p>Orta Asya Muhaddislerinden Belh\u2019li Kuteybe B. Sa\u00eed ve Hadis \u0130lmine Katk\u0131lar\u0131,&nbsp;<em>Orta Asya\u2019dan Anadolu\u2019ya \u0130slami \u0130limler Sempozyumu (Karab\u00fck 3-4 Haziran 2021)<\/em><\/p>\n\n\n\n<p>Afganistan\u2019da Dini Hayat,&nbsp;<em>T\u00fcrkiye Sosyal Bilimler Sempozyumu<\/em>, (Ankara 2021)<\/p>\n\n\n\n<p>Teacher-Student Relations between Imam Bukhari and Imam Termizi,&nbsp;<em>Uluslararas\u0131 Tirmiz\u2019li Alimlerin D\u00fcnya Medeniyetinin Geli\u015fimine Katk\u0131s\u0131 Sempozyumu<\/em>, (Tirmiz, 5 Temmuz 2022)<\/p>\n\n\n\n<p>Mavera\u00fcnnehir\u2019in Huttel Beldesinde Hadis \u0130lminin Geli\u015fimi, <em>Mavera\u00fcnnehir&#8217;den Anadolu&#8217;ya Hadis ve \u0130lim\/\u0130rfan Gelene\u011fi&#8221; Uluslararas\u0131 Sempozyumu<\/em>, (\u00c7ank\u0131r\u0131 27-28 May\u0131s 2024)<\/p>\n\n\n\n<p>Ulema-i Hatl\u00e2n\u0131 Tacikistan der \u00c7ahar Karn\u0131 Evveli Hicri, <em>The Role of Tajik Scholars and Intellectuals in the Development of Islamic Culture and Civilization<\/em>, (Du\u015fanbe, Eyl\u00fcl 2024)<\/p>\n\n\n\n<p>Filistin&#8217;in Kurucu Nesli Sah\u00e2b\u00eeler, <em>V. Uluslararas\u0131 Kud\u00fcs Sempozyumu \u00d6nc\u00fc \u0130simler, Vak\u0131flar ve Kurumlar,<\/em> (Ankara 2026)<\/p>\n\n\n\n<p class=\"has-pale-ocean-gradient-background has-background\"><strong>Makaleler:<\/strong><\/p>\n\n\n\n<p><a href=\"https:\/\/dergipark.org.tr\/tr\/pub\/ihya\/article\/104456\">Muhyiddin \u0130bn Arabi ve Hadis Rivayeti<\/a>, Book Review, <em>\u0130hya Uluslararas\u0131 \u0130slam Ara\u015ft\u0131rmalar\u0131 Dergisi<\/em>, 1\/1, (Ocak 2015)<\/p>\n\n\n\n<p><a href=\"https:\/\/dergipark.org.tr\/tr\/pub\/ihya\/issue\/71248\/1106808\">Son D\u00f6nem Afganistan Medreselerinde Hadis E\u011fitimi-Belh \u00d6rne\u011fi<\/a>,&nbsp;<em>\u0130hya Uluslararas\u0131 \u0130slam Ara\u015ft\u0131rmalar\u0131 Dergisi<\/em>&nbsp;8\/2 (Temmuz 2022)<\/p>\n\n\n\n<p><a href=\"https:\/\/dergipark.org.tr\/tr\/pub\/umde\/issue\/82218\/1386284\">Metin Eksenli Hadis Tenkit Y\u00f6ntemi Olarak Nesh<\/a>, Umde Dini Tetkikler Dergisi, 6\/2 (Aral\u0131k 2023)<\/p>\n\n\n\n<p><a href=\"https:\/\/dergipark.org.tr\/tr\/pub\/did\/article\/1659537\">&#8216;\u0130slam\u2019da \u0130ttifak Yoktur\u2019 Rivayetinin Ba\u011flam \u0130n\u015fas\u0131,<\/a> Diyanet \u0130lmi Dergi, 62\/1, (Mart 2026)<\/p>\n\n\n\n<p class=\"has-pale-ocean-gradient-background has-background\"><strong>Yaz\u0131lar:<\/strong><\/p>\n\n\n\n<p>Bir Kez G\u00f6n\u00fcl Y\u0131kt\u0131n \u0130se,&nbsp;<a href=\"https:\/\/dergi.diyanet.gov.tr\/indir.php?file=a283ZjV4ZWVsSi9pZUlEZ1pCc1NGckVsNGZMSGM2MUFhWVlwKzFEVFRNK1RsK0VlYWhUaG52NzRCTVk0M200TQ==\"><em>Diyanet Ayl\u0131k Dergi<\/em>, Haziran 2011<\/a><\/p>\n\n\n\n<p>Art\u0131k sen \u00f6\u011f\u00fct ver, Sen ancak bir \u00f6\u011f\u00fct vericisin.&nbsp;<a href=\"https:\/\/dergi.diyanet.gov.tr\/indir.php?file=a283ZjV4ZWVsSi9pZUlEZ1pCc1NGa1JEY1BWT2Y3UTVpZmdrZWMrSjNSSUVWa09KOERuVGpXRE1pM1gzMG4yVg==\"><em>Diyanet Ayl\u0131k Dergi<\/em>, May\u0131s 2012<\/a><\/p>\n","protected":false},"excerpt":{"rendered":"<p>Erciyes \u00dcniversitesi \u0130lahiyat Fak\u00fcltesinden mezun oldu. Sel\u00e7uk E\u011fitim Merkezinde dini y\u00fcksek ihtisas e\u011fitimini tamamlad\u0131. Y\u00fcksek Lisans\u0131n\u0131 Erciyes \u00dcniversitesi\u2019nde Hadis alan\u0131nda \u201cSahabenin Yerle\u015fim ve Vefat Yerleri\u201d teziyle tamamlad\u0131. Erciyes \u00dcniversitesi\u2019nde \u201c\u0130htil\u00e2fu\u2019l-Hadis Ba\u011flam\u0131nda Metin Eksenli Hadis Tenkidi\u201d adl\u0131 teziyle doktoras\u0131n\u0131 tamamlad\u0131. \u0130mam-hatib, &hellip; <a href=\"https:\/\/abdulcelilalpkiray.com\/?page_id=10\">Okumaya devam et <span class=\"meta-nav\">&rarr;<\/span><\/a><\/p>\n","protected":false},"author":1,"featured_media":39,"parent":0,"menu_order":0,"comment_status":"closed","ping_status":"closed","template":"","meta":{"footnotes":""},"class_list":["post-10","page","type-page","status-publish","has-post-thumbnail","hentry"],"_links":{"self":[{"href":"https:\/\/abdulcelilalpkiray.com\/index.php?rest_route=\/wp\/v2\/pages\/10","targetHints":{"allow":["GET"]}}],"collection":[{"href":"https:\/\/abdulcelilalpkiray.com\/index.php?rest_route=\/wp\/v2\/pages"}],"about":[{"href":"https:\/\/abdulcelilalpkiray.com\/index.php?rest_route=\/wp\/v2\/types\/page"}],"author":[{"embeddable":true,"href":"https:\/\/abdulcelilalpkiray.com\/index.php?rest_route=\/wp\/v2\/users\/1"}],"replies":[{"embeddable":true,"href":"https:\/\/abdulcelilalpkiray.com\/index.php?rest_route=%2Fwp%2Fv2%2Fcomments&post=10"}],"version-history":[{"count":20,"href":"https:\/\/abdulcelilalpkiray.com\/index.php?rest_route=\/wp\/v2\/pages\/10\/revisions"}],"predecessor-version":[{"id":79,"href":"https:\/\/abdulcelilalpkiray.com\/index.php?rest_route=\/wp\/v2\/pages\/10\/revisions\/79"}],"wp:featuredmedia":[{"embeddable":true,"href":"https:\/\/abdulcelilalpkiray.com\/index.php?rest_route=\/wp\/v2\/media\/39"}],"wp:attachment":[{"href":"https:\/\/abdulcelilalpkiray.com\/index.php?rest_route=%2Fwp%2Fv2%2Fmedia&parent=10"}],"curies":[{"name":"wp","href":"https:\/\/api.w.org\/{rel}","templated":true}]}}